{"id":2944,"date":"2018-06-08T14:26:55","date_gmt":"2018-06-08T12:26:55","guid":{"rendered":"http:\/\/europe.thermoking.new.local\/thermolite-solar-panels\/"},"modified":"2023-01-27T15:45:36","modified_gmt":"2023-01-27T14:45:36","slug":"thermolite-solar-panels","status":"publish","type":"page","link":"https:\/\/www.staging.europe.thermoking.com\/de\/loesungen-zur-stromversorgung\/thermolite-solar-panels","title":{"rendered":"Solarpaneele von Thermo King"},"content":{"rendered":"\n<div class=\"wp-block-columns has-2-columns is-layout-flex wp-container-core-columns-is-layout-9d6595d7 wp-block-columns-is-layout-flex\">\n<div class=\"wp-block-column is-layout-flow wp-block-column-is-layout-flow\">\n<h1 class=\"wp-block-heading\">Solarpaneele von Thermo King<\/h1>\n<\/div>\n\n\n\n<div class=\"wp-block-column is-layout-flow wp-block-column-is-layout-flow\"><\/div>\n<\/div>\n\n\n\n<h6 class=\"wp-block-heading\">L\u00f6sung zum Energiemanagement f\u00fcr h\u00f6here Betriebslaufzeit und niedrigeren Kraftstoffverbrauch<\/h6>\n\n\n<div class=\"wp-block-image\">\n<figure class=\"alignright\"><img loading=\"lazy\" decoding=\"async\" width=\"580\" height=\"423\" src=\"https:\/\/europe-thermoking.s3.eu-west-3.amazonaws.com\/wp-content\/uploads\/2019\/07\/17154617\/unit-solar-panel-2.png\" alt=\"\" class=\"wp-image-11695\" srcset=\"https:\/\/europe-thermoking.s3.eu-west-3.amazonaws.com\/wp-content\/uploads\/2019\/07\/17154617\/unit-solar-panel-2.png 580w, https:\/\/europe-thermoking.s3.eu-west-3.amazonaws.com\/wp-content\/uploads\/2019\/07\/17154617\/unit-solar-panel-2-40x29.png 40w, https:\/\/europe-thermoking.s3.eu-west-3.amazonaws.com\/wp-content\/uploads\/2019\/07\/17154617\/unit-solar-panel-2-80x58.png 80w, https:\/\/europe-thermoking.s3.eu-west-3.amazonaws.com\/wp-content\/uploads\/2019\/07\/17154617\/unit-solar-panel-2-494x360.png 494w, https:\/\/europe-thermoking.s3.eu-west-3.amazonaws.com\/wp-content\/uploads\/2019\/07\/17154617\/unit-solar-panel-2-160x117.png 160w, https:\/\/europe-thermoking.s3.eu-west-3.amazonaws.com\/wp-content\/uploads\/2019\/07\/17154617\/unit-solar-panel-2-320x233.png 320w, https:\/\/europe-thermoking.s3.eu-west-3.amazonaws.com\/wp-content\/uploads\/2019\/07\/17154617\/unit-solar-panel-2-300x219.png 300w\" sizes=\"auto, (max-width: 580px) 100vw, 580px\" \/><\/figure><\/div>\n\n\n<p>Thermo King-Solarpaneele bieten eine nachhaltige Energiemanagement-L\u00f6sung f\u00fcr LKW- und Trailer-K\u00e4ltemaschinen, die die Batterielebensdauer verl\u00e4ngern und gleichzeitig den Kraftstoffverbrauch und die Emissionen reduzieren.<br>Robuste, wetterfeste Paneele speichern Solarenergie auch bei wenig Sonnenlicht, damit Ihre Batterie stets geladen ist. Ihre Motoren werden nicht mehr nur zum Laden der Batterie betrieben, wodurch Kraftstoffverbrauch und CO<sub>2<\/sub>-Emissionen verringert und Nachhaltigkeitsziele schneller erreicht werden.<\/p>\n\n\n\n<p><\/p>\n\n\n\n<p><\/p>\n\n\n\n<p><\/p>\n\n\n\n<p><\/p>\n\n\n\n<p><\/p>\n\n\n\n<p><\/p>\n\n\n\n<p><\/p>\n\n\n\n<p><\/p>\n\n\n\n<p><\/p>\n\n\n\n<h2 class=\"wp-block-heading\">Anwendungen<\/h2>\n\n\n\n<p>ThermoLite&#x2122; -Solarpaneele eignen sich besonders gut f\u00fcr diese 4 Anwendungen:<\/p>\n\n\n\n<div class=\"wp-block-columns has-2-columns is-layout-flex wp-container-core-columns-is-layout-9d6595d7 wp-block-columns-is-layout-flex\">\n<div class=\"wp-block-column is-layout-flow wp-block-column-is-layout-flow\">\n<p><\/p>\n\n\n\n<ol class=\"li-blue-circle wp-block-list\">\n<li><strong><strong>F\u00fcr die K\u00e4ltemaschine von Thermo King (12&nbsp;V):<\/strong><\/strong><br><br>In Verbindung bleiben. Verl\u00e4ngern Sie die Lebensdauer Ihrer Batterie, sparen Sie Kraftstoff und CO2.<br>Bis zu 110 W<\/li>\n\n\n\n<li><strong><strong>F\u00fcr die Batterie Ihrer Zugmaschine \u2013 Zugmaschinendach (24 V)<\/strong><\/strong><br><br>Verl\u00e4ngern Sie die Laufzeit und Lebensdauer der Batterie Ihrer Zugmaschine und sparen Sie Geld, indem Sie die Batterie seltener wechseln, Ausf\u00e4lle vermeiden und den Kraftstoffverbrauch senken.<br>80 W (2 x 40 W) bis 220 W (2 x 110 W).<\/li>\n\n\n\n<li><strong><strong>F\u00fcr Hebeb\u00fchnen (24&nbsp;V):<\/strong><\/strong><br><br>Betrieb der Hebeb\u00fchne und Aufladen der Batterien.<br>Bis zu 220 W (2 x 110 W).<\/li>\n\n\n\n<li>Als Erweiterung Ihres Advancer-Solarpaneels<\/li>\n<\/ol>\n<\/div>\n<\/div>\n\n\n\n<div class=\"wp-block-columns has-2-columns is-layout-flex wp-container-core-columns-is-layout-9d6595d7 wp-block-columns-is-layout-flex\">\n<div class=\"wp-block-column is-layout-flow wp-block-column-is-layout-flow\"><\/div>\n<\/div>\n\n\n\n<p><\/p>\n\n\n\n<figure class=\"wp-block-image size-full\"><img loading=\"lazy\" decoding=\"async\" width=\"668\" height=\"232\" src=\"https:\/\/europe-thermoking.s3.eu-west-3.amazonaws.com\/wp-content\/uploads\/2023\/01\/17105201\/Solar-Panel-applications-on-trailer.png\" alt=\"\" class=\"wp-image-61302\" srcset=\"https:\/\/europe-thermoking.s3.eu-west-3.amazonaws.com\/wp-content\/uploads\/2023\/01\/17105201\/Solar-Panel-applications-on-trailer.png 668w, https:\/\/europe-thermoking.s3.eu-west-3.amazonaws.com\/wp-content\/uploads\/2023\/01\/17105201\/Solar-Panel-applications-on-trailer-300x104.png 300w, https:\/\/europe-thermoking.s3.eu-west-3.amazonaws.com\/wp-content\/uploads\/2023\/01\/17105201\/Solar-Panel-applications-on-trailer-160x56.png 160w, https:\/\/europe-thermoking.s3.eu-west-3.amazonaws.com\/wp-content\/uploads\/2023\/01\/17105201\/Solar-Panel-applications-on-trailer-320x111.png 320w, https:\/\/europe-thermoking.s3.eu-west-3.amazonaws.com\/wp-content\/uploads\/2023\/01\/17105201\/Solar-Panel-applications-on-trailer-40x14.png 40w, https:\/\/europe-thermoking.s3.eu-west-3.amazonaws.com\/wp-content\/uploads\/2023\/01\/17105201\/Solar-Panel-applications-on-trailer-80x28.png 80w, https:\/\/europe-thermoking.s3.eu-west-3.amazonaws.com\/wp-content\/uploads\/2023\/01\/17105201\/Solar-Panel-applications-on-trailer-640x222.png 640w\" sizes=\"auto, (max-width: 668px) 100vw, 668px\" \/><\/figure>\n\n\n\n<h2 class=\"wp-block-heading\">Multiple Choice<\/h2>\n\n\n\n<p>Thermo King-Solarpaneele sind in verschiedenen Gr\u00f6\u00dfen und Kapazit\u00e4ten erh\u00e4ltlich. W\u00e4hlen Sie eines aus oder kombinieren Sie die Paneele, ganz nach Ihren Anforderungen.<\/p>\n\n\n\n<p><\/p>\n\n\n\n<ul class=\"wp-block-list\">\n<li>12-Volt-THERMOLITE&#x2122;-SOLARPANEEL f\u00fcr LKW- und Trailer-K\u00e4ltemaschinen \u2013 40 W\/110 W<\/li>\n\n\n\n<li>24-Volt-THERMOLITE&#x2122;-SOLARPANEEL \u2013 40 W\/110 W<\/li>\n\n\n\n<li>THERMOLITE&#x2122;-SOLARPANEELE f\u00fcr Advancer \u2013 40 W und 50 W<\/li>\n<\/ul>\n\n\n\n<h2 class=\"wp-block-heading\">Merkmale<\/h2>\n\n\n\n<ul class=\"wp-block-list\">\n<li>Generieren eines ausreichenden Ladestroms, auch bei wenig Sonnenlicht. Dadurch bleibt die Batterie der Maschine sogar im Winter immer geladen.<\/li>\n\n\n\n<li>Bessere Ladeleistung als Konkurrenzsysteme dank hervorragender Effizienz.<\/li>\n\n\n\n<li>Flache Konstruktion f\u00fcr H\u00f6henbeschr\u00e4nkungen und einfache Montage.<\/li>\n\n\n\n<li>Einfache, schnelle Installation in 60&nbsp;Minuten f\u00fcr jede Anwendung. Kit enth\u00e4lt alle ben\u00f6tigten Komponenten unter einer TK-Nummer.<\/li>\n\n\n\n<li>Tests unter extremen Wetterbedingungen belegen die hohe Robustheit der wetterfesten Elektronik und flexiblen Polymerzellen.<\/li>\n\n\n\n<li>Sehr hohe Lebensdauer und Widerstandsf\u00e4higkeit gegen\u00fcber dem Waschen des Sattelaufliegers und chemischen Reinigungsverfahren.<\/li>\n<\/ul>\n\n\n\n<figure class=\"wp-block-image alignwide\"><img decoding=\"async\" src=\"https:\/\/europe-thermoking.s3.eu-west-3.amazonaws.com\/wp-content\/uploads\/2019\/07\/17154553\/Graphic_DE.png\" alt=\"\" class=\"wp-image-11707\"\/><\/figure>\n\n\n\n<p><\/p>\n\n\n\n<h2 class=\"wp-block-heading\">Investition in beste Technologie<\/h2>\n\n\n\n<p>Als Besitzer von Thermo King-Maschinen haben Sie in die beste Technologie investiert. Zu Ihren Priorit\u00e4ten geh\u00f6ren Zuverl\u00e4ssigkeit, Leistung und Nachhaltigkeit bei wettbewerbsf\u00e4higen Gesamtbetriebskosten.<\/p>\n\n\n\n<div class=\"wp-block-columns is-layout-flex wp-container-core-columns-is-layout-9d6595d7 wp-block-columns-is-layout-flex\">\n<div class=\"wp-block-column is-layout-flow wp-block-column-is-layout-flow\">\n<figure class=\"wp-block-image size-full is-resized\"><img loading=\"lazy\" decoding=\"async\" src=\"https:\/\/europe-thermoking.s3.eu-west-3.amazonaws.com\/wp-content\/uploads\/2023\/01\/17105358\/TK_Genuine-Parts-Icon-1.png\" alt=\"\" class=\"wp-image-61342\" width=\"100\" height=\"100\" srcset=\"https:\/\/europe-thermoking.s3.eu-west-3.amazonaws.com\/wp-content\/uploads\/2023\/01\/17105358\/TK_Genuine-Parts-Icon-1.png 911w, https:\/\/europe-thermoking.s3.eu-west-3.amazonaws.com\/wp-content\/uploads\/2023\/01\/17105358\/TK_Genuine-Parts-Icon-1-300x300.png 300w, https:\/\/europe-thermoking.s3.eu-west-3.amazonaws.com\/wp-content\/uploads\/2023\/01\/17105358\/TK_Genuine-Parts-Icon-1-150x150.png 150w, https:\/\/europe-thermoking.s3.eu-west-3.amazonaws.com\/wp-content\/uploads\/2023\/01\/17105358\/TK_Genuine-Parts-Icon-1-768x767.png 768w, https:\/\/europe-thermoking.s3.eu-west-3.amazonaws.com\/wp-content\/uploads\/2023\/01\/17105358\/TK_Genuine-Parts-Icon-1-160x160.png 160w, https:\/\/europe-thermoking.s3.eu-west-3.amazonaws.com\/wp-content\/uploads\/2023\/01\/17105358\/TK_Genuine-Parts-Icon-1-320x320.png 320w, https:\/\/europe-thermoking.s3.eu-west-3.amazonaws.com\/wp-content\/uploads\/2023\/01\/17105358\/TK_Genuine-Parts-Icon-1-40x40.png 40w, https:\/\/europe-thermoking.s3.eu-west-3.amazonaws.com\/wp-content\/uploads\/2023\/01\/17105358\/TK_Genuine-Parts-Icon-1-80x80.png 80w, https:\/\/europe-thermoking.s3.eu-west-3.amazonaws.com\/wp-content\/uploads\/2023\/01\/17105358\/TK_Genuine-Parts-Icon-1-360x360.png 360w, https:\/\/europe-thermoking.s3.eu-west-3.amazonaws.com\/wp-content\/uploads\/2023\/01\/17105358\/TK_Genuine-Parts-Icon-1-450x450.png 450w, https:\/\/europe-thermoking.s3.eu-west-3.amazonaws.com\/wp-content\/uploads\/2023\/01\/17105358\/TK_Genuine-Parts-Icon-1-321x321.png 321w, https:\/\/europe-thermoking.s3.eu-west-3.amazonaws.com\/wp-content\/uploads\/2023\/01\/17105358\/TK_Genuine-Parts-Icon-1-322x322.png 322w, https:\/\/europe-thermoking.s3.eu-west-3.amazonaws.com\/wp-content\/uploads\/2023\/01\/17105358\/TK_Genuine-Parts-Icon-1-640x639.png 640w, https:\/\/europe-thermoking.s3.eu-west-3.amazonaws.com\/wp-content\/uploads\/2023\/01\/17105358\/TK_Genuine-Parts-Icon-1-641x641.png 641w, https:\/\/europe-thermoking.s3.eu-west-3.amazonaws.com\/wp-content\/uploads\/2023\/01\/17105358\/TK_Genuine-Parts-Icon-1-642x642.png 642w, https:\/\/europe-thermoking.s3.eu-west-3.amazonaws.com\/wp-content\/uploads\/2023\/01\/17105358\/TK_Genuine-Parts-Icon-1-900x910.png 900w\" sizes=\"auto, (max-width: 100px) 100vw, 100px\" \/><\/figure>\n\n\n\n<p><strong><strong>ThermoLite&#x2122;-Solarpaneele<\/strong><\/strong><\/p>\n\n\n\n<p>Bei Thermo King durchl\u00e4uft jedes Teil eine umfassende Validierung, die Material, Design, Herstellung und Lebensdauertests im Zeitraffer beinhaltet. Nur wenn das Teil die gleichen hohen Standards erf\u00fcllt, die wir f\u00fcr unsere Fertigung anwenden, geben wir es zur Verwendung als Ersatzteil frei und Sie erhalten eine Leistungsgarantie. Thermo King-ORIGINAL-Teile erhalten eine volle 2-Jahres-Garantie.<\/p>\n<\/div>\n\n\n\n<div class=\"wp-block-column is-layout-flow wp-block-column-is-layout-flow\">\n<figure class=\"wp-block-image size-full is-resized\"><img loading=\"lazy\" decoding=\"async\" src=\"https:\/\/europe-thermoking.s3.eu-west-3.amazonaws.com\/wp-content\/uploads\/2023\/01\/17105407\/TK_Select-Part-Icon-1.png\" alt=\"\" class=\"wp-image-61357\" width=\"100\" height=\"100\" srcset=\"https:\/\/europe-thermoking.s3.eu-west-3.amazonaws.com\/wp-content\/uploads\/2023\/01\/17105407\/TK_Select-Part-Icon-1.png 910w, https:\/\/europe-thermoking.s3.eu-west-3.amazonaws.com\/wp-content\/uploads\/2023\/01\/17105407\/TK_Select-Part-Icon-1-300x300.png 300w, https:\/\/europe-thermoking.s3.eu-west-3.amazonaws.com\/wp-content\/uploads\/2023\/01\/17105407\/TK_Select-Part-Icon-1-150x150.png 150w, https:\/\/europe-thermoking.s3.eu-west-3.amazonaws.com\/wp-content\/uploads\/2023\/01\/17105407\/TK_Select-Part-Icon-1-768x768.png 768w, https:\/\/europe-thermoking.s3.eu-west-3.amazonaws.com\/wp-content\/uploads\/2023\/01\/17105407\/TK_Select-Part-Icon-1-160x160.png 160w, https:\/\/europe-thermoking.s3.eu-west-3.amazonaws.com\/wp-content\/uploads\/2023\/01\/17105407\/TK_Select-Part-Icon-1-320x320.png 320w, https:\/\/europe-thermoking.s3.eu-west-3.amazonaws.com\/wp-content\/uploads\/2023\/01\/17105407\/TK_Select-Part-Icon-1-40x40.png 40w, https:\/\/europe-thermoking.s3.eu-west-3.amazonaws.com\/wp-content\/uploads\/2023\/01\/17105407\/TK_Select-Part-Icon-1-80x80.png 80w, https:\/\/europe-thermoking.s3.eu-west-3.amazonaws.com\/wp-content\/uploads\/2023\/01\/17105407\/TK_Select-Part-Icon-1-360x360.png 360w, https:\/\/europe-thermoking.s3.eu-west-3.amazonaws.com\/wp-content\/uploads\/2023\/01\/17105407\/TK_Select-Part-Icon-1-450x450.png 450w, https:\/\/europe-thermoking.s3.eu-west-3.amazonaws.com\/wp-content\/uploads\/2023\/01\/17105407\/TK_Select-Part-Icon-1-321x321.png 321w, https:\/\/europe-thermoking.s3.eu-west-3.amazonaws.com\/wp-content\/uploads\/2023\/01\/17105407\/TK_Select-Part-Icon-1-322x322.png 322w, https:\/\/europe-thermoking.s3.eu-west-3.amazonaws.com\/wp-content\/uploads\/2023\/01\/17105407\/TK_Select-Part-Icon-1-640x640.png 640w, https:\/\/europe-thermoking.s3.eu-west-3.amazonaws.com\/wp-content\/uploads\/2023\/01\/17105407\/TK_Select-Part-Icon-1-641x641.png 641w, https:\/\/europe-thermoking.s3.eu-west-3.amazonaws.com\/wp-content\/uploads\/2023\/01\/17105407\/TK_Select-Part-Icon-1-642x642.png 642w, https:\/\/europe-thermoking.s3.eu-west-3.amazonaws.com\/wp-content\/uploads\/2023\/01\/17105407\/TK_Select-Part-Icon-1-900x910.png 900w\" sizes=\"auto, (max-width: 100px) 100vw, 100px\" \/><\/figure>\n\n\n\n<p><strong><strong>Thermo King SELECT-Teile<\/strong><\/strong><\/p>\n\n\n\n<p>Thermo King-Solarpaneele sind auch als Thermo King SELECT-Teile erh\u00e4ltlich. Diese Teile werden so beschafft, dass sie unter extremen Bedingungen zuverl\u00e4ssig sind, und zu einem niedrigeren Preis als die in der Produktion verwendete Original ausstattung (OE) angeboten. Thermo King SELECT-Teile werden denselben strengen Tests wie OE-Teile unterzogen und haben 1 Jahr Garantie.<\/p>\n<\/div>\n<\/div>\n\n\n\n<p>[spacer]<\/p>\n\n\n\n<div class=\"wp-block-columns has-3-columns is-layout-flex wp-container-core-columns-is-layout-9d6595d7 wp-block-columns-is-layout-flex\">\n<div class=\"wp-block-column is-layout-flow wp-block-column-is-layout-flow\"><\/div>\n\n\n\n<div class=\"wp-block-column is-layout-flow wp-block-column-is-layout-flow\"><\/div>\n\n\n\n<div class=\"wp-block-column is-layout-flow wp-block-column-is-layout-flow\"><\/div>\n<\/div>\n","protected":false},"excerpt":{"rendered":"<p>Solarpaneele von Thermo King L\u00f6sung zum Energiemanagement f\u00fcr h\u00f6here Betriebslaufzeit und niedrigeren Kraftstoffverbrauch Thermo King-Solarpaneele bieten eine nachhaltige Energiemanagement-L\u00f6sung f\u00fcr LKW- und Trailer-K\u00e4ltemaschinen, die die Batterielebensdauer verl\u00e4ngern und gleichzeitig den Kraftstoffverbrauch und die Emissionen reduzieren.Robuste, wetterfeste Paneele speichern Solarenergie auch bei wenig Sonnenlicht, damit Ihre Batterie stets geladen ist. Ihre Motoren werden nicht mehr nur [&hellip;]<\/p>\n","protected":false},"author":1,"featured_media":0,"parent":76379,"menu_order":0,"comment_status":"closed","ping_status":"closed","template":"","meta":{"_acf_changed":false,"footnotes":""},"class_list":["post-2944","page","type-page","status-publish","hentry"],"acf":[],"_links":{"self":[{"href":"https:\/\/www.staging.europe.thermoking.com\/de\/wp-json\/wp\/v2\/pages\/2944","targetHints":{"allow":["GET"]}}],"collection":[{"href":"https:\/\/www.staging.europe.thermoking.com\/de\/wp-json\/wp\/v2\/pages"}],"about":[{"href":"https:\/\/www.staging.europe.thermoking.com\/de\/wp-json\/wp\/v2\/types\/page"}],"author":[{"embeddable":true,"href":"https:\/\/www.staging.europe.thermoking.com\/de\/wp-json\/wp\/v2\/users\/1"}],"replies":[{"embeddable":true,"href":"https:\/\/www.staging.europe.thermoking.com\/de\/wp-json\/wp\/v2\/comments?post=2944"}],"version-history":[{"count":0,"href":"https:\/\/www.staging.europe.thermoking.com\/de\/wp-json\/wp\/v2\/pages\/2944\/revisions"}],"up":[{"embeddable":true,"href":"https:\/\/www.staging.europe.thermoking.com\/de\/wp-json\/wp\/v2\/pages\/76379"}],"wp:attachment":[{"href":"https:\/\/www.staging.europe.thermoking.com\/de\/wp-json\/wp\/v2\/media?parent=2944"}],"curies":[{"name":"wp","href":"https:\/\/api.w.org\/{rel}","templated":true}]}}