{"id":2673,"date":"2018-06-07T10:46:03","date_gmt":"2018-06-07T08:46:03","guid":{"rendered":"http:\/\/europe.thermoking.new.local\/sustainable-solutions\/"},"modified":"2022-10-18T09:21:22","modified_gmt":"2022-10-18T07:21:22","slug":"sustainable-solutions","status":"publish","type":"page","link":"https:\/\/www.staging.europe.thermoking.com\/de\/sustainable-solutions","title":{"rendered":"Nachhaltige L\u00f6sungen"},"content":{"rendered":"\n\n\n<div class=\"wp-block-columns has-2-columns is-layout-flex wp-container-core-columns-is-layout-9d6595d7 wp-block-columns-is-layout-flex\">\n<div class=\"wp-block-column is-layout-flow wp-block-column-is-layout-flow\">\n<h1 class=\"co-maygreen has-may-green-color has-text-color wp-block-heading\">THERMO KING \u2013 NACHHALTIGE L\u00d6SUNGEN<\/h1>\n<\/div>\n\n\n\n<div class=\"wp-block-column is-layout-flow wp-block-column-is-layout-flow\"><\/div>\n<\/div>\n\n\n\n<p>Eine nachhaltige L\u00f6sung muss zwei Voraussetzungen erf\u00fcllen: Sie muss Ihnen einen messbaren Vorteil bieten. Und sie muss diesen Vorteil bei einer minimalen Umweltbelastung durch Ihren Betrieb erreichen. Im Folgenden finden Sie einige Beispiele, wie innovative, nachhaltige L\u00f6sungen f\u00fcr Sie von Vorteil sein k\u00f6nnen.<\/p>\n\n\n\n<h2 class=\"co-maygreen has-may-green-color has-text-color wp-block-heading\">EFFIZIENTERE, EMISSIONSREDUZIERTE DIESELMOTOREN<\/h2>\n\n\n\n<p>Am schnellsten und effektivsten lassen sich die Umweltbelastungen Ihres Unternehmens unter anderem durch einen reduzierten Kraftstoffverbrauch der f\u00fcr den Transport verwendeten Temperaturregelger\u00e4te verringern. Dies wirkt sich gleichzeitig positiv auf Ihr Gesch\u00e4ftsergebnis aus. Die Motoren unserer konventionellen, dieselbetriebenen K\u00fchlger\u00e4te sparen Ihnen nicht nur Geld durch einen effizienteren Betrieb&nbsp;\u2013 sie reduzieren gleichzeitig den Schadstoffaussto\u00df, die CO<sub>2<\/sub>-Emissionen und die L\u00e4rmentwicklung.<\/p>\n\n\n\n<h2 class=\"co-maygreen has-may-green-color has-text-color wp-block-heading\">VOLLST\u00c4NDIG ELEKTRISCHE TEMPERATURREGELUNG F\u00dcR DEN TRANSPORT<\/h2>\n\n\n\n<p>Aber dies ist noch nicht alles. Im Verlauf der vergangenen Jahre haben wir zudem umfassende Investitionen in die Entwicklung von Alternativen zum Dieselantrieb get\u00e4tigt. Dazu geh\u00f6ren elektrische Generatoren, die vom Fahrzeugmotor angetrieben werden. Vorteile:<\/p>\n\n\n\n<ul class=\"wp-block-list\"><li>M\u00f6gliche Kraftstoffeinsparungen von 5.000 l pro Jahr<\/li><li>Wesentliche Reduzierung der Ger\u00e4uschniveaus<\/li><li>M\u00f6glicher Liefereinsatz in l\u00e4rmempfindlichen Stadtgebieten.<\/li><\/ul>\n\n\n\n<p>F\u00fcr kleinere Fahrzeuge k\u00f6nnen wir eine kompakte, rein elektrische L\u00f6sung mit Batterieantrieb bereitstellen, die keinerlei Modifizierungen am Fahrzeug erfordert. Ihre Vorteile:<\/p>\n\n\n\n<ul class=\"wp-block-list\"><li>Schnelle, einfache Installation<\/li><li>H\u00f6chste Leistungsf\u00e4higkeit<\/li><li>Einfache, aber effektive Technologie<\/li><li>Leiser Betrieb.<\/li><\/ul>\n\n\n\n<h2 class=\"co-maygreen has-may-green-color has-text-color wp-block-heading\">HYBRID-K\u00dcHLUNG F\u00dcR SATTELAUFLIEGER<\/h2>\n\n\n\n<p>Unsere Hybrid-K\u00e4ltel\u00f6sung kombiniert Technologie von Thermo King und Frigoblock f\u00fcr ein ULEZ-konformes Fahrzeug. Dieses eignet sich ideal f\u00fcr LEZ- und ULEZ-Niedrigemissionszonen (Low und Ultra-Low Emission Zones) sowie St\u00e4dte, in denen ein vollst\u00e4ndiges Verbot f\u00fcr Dieselmotoren eingef\u00fchrt wird. W\u00e4hrend langer Fahrten wird das K\u00fchlger\u00e4t mit Diesel betrieben. Auf Kurzstrecken im Innenstadtbereich wechselt das Ger\u00e4t in den elektrischen Betrieb. Und dank Geofencing geschieht dies automatisch&nbsp;\u2013 ohne Fahrereingriff.<\/p>\n\n\n\n<h2 class=\"co-maygreen has-may-green-color has-text-color wp-block-heading\">R-452A: EINE ALTERNATIVE ZU HFKW-K\u00c4LTEMITTELN<\/h2>\n\n\n\n<p>Angesichts der schrittweisen Einstellung von HFKW-K\u00e4ltemitteln k\u00f6nnen wir f\u00fcr die Zukunftssicherheit unseres Betriebs sorgen, indem wir R-452A \u00fcber unsere Produktbandbreite hinweg anbieten. Diese Alternative zu R-404A bringt folgende Vorteile:<\/p>\n\n\n\n<ul class=\"wp-block-list\"><li>45&nbsp;% geringere Umweltbelastung<\/li><li>Fr\u00fche Einhaltung der ab 2020 geltenden F-GAS-Verordnung<\/li><li>Geringere Betriebskosten<\/li><li>Einfache Umstellung: ohne Austausch von Komponenten.<\/li><\/ul>\n\n\n\n<p>R-452A ist Standard bei allen K\u00fchlger\u00e4ten von&nbsp;Thermo King&nbsp;f\u00fcr Lieferwagen, LKW und Sattelauflieger.<\/p>\n\n\n\n<h2 class=\"wp-block-heading\">Sehen Sie sich die R-452A-Animation an<\/h2>\n\n\n","protected":false},"excerpt":{"rendered":"<p>THERMO KING \u2013 NACHHALTIGE L\u00d6SUNGEN Eine nachhaltige L\u00f6sung muss zwei Voraussetzungen erf\u00fcllen: Sie muss Ihnen einen messbaren Vorteil bieten. Und sie muss diesen Vorteil bei einer minimalen Umweltbelastung durch Ihren Betrieb erreichen. Im Folgenden finden Sie einige Beispiele, wie innovative, nachhaltige L\u00f6sungen f\u00fcr Sie von Vorteil sein k\u00f6nnen. EFFIZIENTERE, EMISSIONSREDUZIERTE DIESELMOTOREN Am schnellsten und effektivsten [&hellip;]<\/p>\n","protected":false},"author":1,"featured_media":0,"parent":0,"menu_order":0,"comment_status":"closed","ping_status":"closed","template":"","meta":{"_acf_changed":false,"footnotes":""},"class_list":["post-2673","page","type-page","status-publish","hentry"],"acf":[],"_links":{"self":[{"href":"https:\/\/www.staging.europe.thermoking.com\/de\/wp-json\/wp\/v2\/pages\/2673","targetHints":{"allow":["GET"]}}],"collection":[{"href":"https:\/\/www.staging.europe.thermoking.com\/de\/wp-json\/wp\/v2\/pages"}],"about":[{"href":"https:\/\/www.staging.europe.thermoking.com\/de\/wp-json\/wp\/v2\/types\/page"}],"author":[{"embeddable":true,"href":"https:\/\/www.staging.europe.thermoking.com\/de\/wp-json\/wp\/v2\/users\/1"}],"replies":[{"embeddable":true,"href":"https:\/\/www.staging.europe.thermoking.com\/de\/wp-json\/wp\/v2\/comments?post=2673"}],"version-history":[{"count":0,"href":"https:\/\/www.staging.europe.thermoking.com\/de\/wp-json\/wp\/v2\/pages\/2673\/revisions"}],"wp:attachment":[{"href":"https:\/\/www.staging.europe.thermoking.com\/de\/wp-json\/wp\/v2\/media?parent=2673"}],"curies":[{"name":"wp","href":"https:\/\/api.w.org\/{rel}","templated":true}]}}