{"id":2177,"date":"2018-06-08T13:33:47","date_gmt":"2018-06-08T12:33:47","guid":{"rendered":"http:\/\/europe.thermoking.new.local\/usb-data-collector\/"},"modified":"2019-10-02T10:45:58","modified_gmt":"2019-10-02T09:45:58","slug":"usb-data-collector","status":"publish","type":"page","link":"https:\/\/www.staging.europe.thermoking.com\/de\/anwendungen\/connected-solutions\/usb-data-collector","title":{"rendered":"USB-Datenspeicherger\u00e4t"},"content":{"rendered":"\n<h1 class=\"wp-block-heading\">USB-Datenspeicherger\u00e4t<\/h1>\n\n\n\n<div class=\"wp-block-image\"><figure class=\"alignright is-resized\"><img decoding=\"async\" src=\"https:\/\/europe-thermoking.s3.eu-west-3.amazonaws.com\/wp-content\/uploads\/2019\/10\/17153839\/1.png\" alt=\"\" class=\"wp-image-17796\" width=\"320\" srcset=\"https:\/\/europe-thermoking.s3.eu-west-3.amazonaws.com\/wp-content\/uploads\/2019\/10\/17153839\/1.png 300w, https:\/\/europe-thermoking.s3.eu-west-3.amazonaws.com\/wp-content\/uploads\/2019\/10\/17153839\/1-160x111.png 160w, https:\/\/europe-thermoking.s3.eu-west-3.amazonaws.com\/wp-content\/uploads\/2019\/10\/17153839\/1-40x28.png 40w, https:\/\/europe-thermoking.s3.eu-west-3.amazonaws.com\/wp-content\/uploads\/2019\/10\/17153839\/1-80x55.png 80w\" sizes=\"(max-width: 300px) 100vw, 300px\" \/><\/figure><\/div>\n\n\n\n<p>Das Datenspeicherger\u00e4t ist die perfekte Erg\u00e4nzung zum USB-Datenlogger. Dieses USB-Ger\u00e4t kann die Daten von bis zu 500 USB-Datenloggern im Handumdrehen erfassen, ohne dass hierzu extra Kabel oder Verbindungen erforderlich sind. Dank des Mini-USB-Ports lassen sich die im Datenspeicher erfassten Daten leicht zu einem sp\u00e4teren Zeitpunkt auf den PC \u00fcbertragen.<\/p>\n\n\n\n<p>Das Datenspeicherger\u00e4t besitzt einen farbigen LCD-Touchscreen, der eine einfache Navigation und eine \u00fcbersichtliche Temperatur-Grafikanzeige erm\u00f6glicht. Das Ger\u00e4t wird mit einer Lithiumbatterie geliefert, die eine Laufzeit von bis zu 8 Stunden hat und \u00fcber einen PC aufgeladen werden kann. Dieses Utility-Tool ist ideal f\u00fcr die Aktivierung, Konfiguration und den Download jedes TK USB-Datenloggers.<\/p>\n","protected":false},"excerpt":{"rendered":"<p>USB-Datenspeicherger\u00e4t Das Datenspeicherger\u00e4t ist die perfekte Erg\u00e4nzung zum USB-Datenlogger. Dieses USB-Ger\u00e4t kann die Daten von bis zu 500 USB-Datenloggern im Handumdrehen erfassen, ohne dass hierzu extra Kabel oder Verbindungen erforderlich sind. Dank des Mini-USB-Ports lassen sich die im Datenspeicher erfassten Daten leicht zu einem sp\u00e4teren Zeitpunkt auf den PC \u00fcbertragen. Das Datenspeicherger\u00e4t besitzt einen farbigen [&hellip;]<\/p>\n","protected":false},"author":1,"featured_media":0,"parent":2655,"menu_order":0,"comment_status":"closed","ping_status":"closed","template":"","meta":{"_acf_changed":false,"footnotes":""},"class_list":["post-2177","page","type-page","status-publish","hentry"],"acf":[],"_links":{"self":[{"href":"https:\/\/www.staging.europe.thermoking.com\/de\/wp-json\/wp\/v2\/pages\/2177","targetHints":{"allow":["GET"]}}],"collection":[{"href":"https:\/\/www.staging.europe.thermoking.com\/de\/wp-json\/wp\/v2\/pages"}],"about":[{"href":"https:\/\/www.staging.europe.thermoking.com\/de\/wp-json\/wp\/v2\/types\/page"}],"author":[{"embeddable":true,"href":"https:\/\/www.staging.europe.thermoking.com\/de\/wp-json\/wp\/v2\/users\/1"}],"replies":[{"embeddable":true,"href":"https:\/\/www.staging.europe.thermoking.com\/de\/wp-json\/wp\/v2\/comments?post=2177"}],"version-history":[{"count":0,"href":"https:\/\/www.staging.europe.thermoking.com\/de\/wp-json\/wp\/v2\/pages\/2177\/revisions"}],"up":[{"embeddable":true,"href":"https:\/\/www.staging.europe.thermoking.com\/de\/wp-json\/wp\/v2\/pages\/2655"}],"wp:attachment":[{"href":"https:\/\/www.staging.europe.thermoking.com\/de\/wp-json\/wp\/v2\/media?parent=2177"}],"curies":[{"name":"wp","href":"https:\/\/api.w.org\/{rel}","templated":true}]}}