{"id":2090,"date":"2018-06-07T09:42:47","date_gmt":"2018-06-07T07:42:47","guid":{"rendered":"http:\/\/europe.thermoking.new.local\/download-center\/"},"modified":"2024-11-21T13:20:51","modified_gmt":"2024-11-21T12:20:51","slug":"download-center","status":"publish","type":"page","link":"https:\/\/www.staging.europe.thermoking.com\/de\/download-center","title":{"rendered":"Download Center"},"content":{"rendered":"\n<section class=\"wp-block-group\"><div class=\"wp-block-group__inner-container is-layout-flow wp-block-group-is-layout-flow\">\n<h2 class=\"wp-block-heading alignfull\">Download Center<\/h2>\n\n\n\n<p class=\"has-2-xl-font-size\">Entdecken Sie unsere interaktiven Ver\u00f6ffentlichungen. Die interaktiven Brosch\u00fcren sind mit Links und zus\u00e4tzlichen Informationen versehen und lassen sich auf jedem Ger\u00e4t gut lesen. Laden Sie sie herunter und geben Sie sie direkt von Ihrem Tablet oder Mobilger\u00e4t weiter. Weitere interaktive Ver\u00f6ffentlichungen finden Sie an dieser Stelle.<\/p>\n\n\n\n<p class=\"has-2-xl-font-size\">Eine einfache PDF-Datei ist Ihnen lieber?<br>Klicken Sie auf die Sprache, um das E-Book in Ihrer bevorzugten Sprache aufzurufen. Klicken Sie in der E-Book-Ansicht auf \u201ePDF\u201c, wenn Sie die Ver\u00f6ffentlichung speichern m\u00f6chten.<\/p>\n<\/div><\/section>\n","protected":false},"excerpt":{"rendered":"<p>Download Center Entdecken Sie unsere interaktiven Ver\u00f6ffentlichungen. Die interaktiven Brosch\u00fcren sind mit Links und zus\u00e4tzlichen Informationen versehen und lassen sich auf jedem Ger\u00e4t gut lesen. Laden Sie sie herunter und geben Sie sie direkt von Ihrem Tablet oder Mobilger\u00e4t weiter. Weitere interaktive Ver\u00f6ffentlichungen finden Sie an dieser Stelle. Eine einfache PDF-Datei ist Ihnen lieber?Klicken Sie [&hellip;]<\/p>\n","protected":false},"author":1,"featured_media":0,"parent":0,"menu_order":0,"comment_status":"closed","ping_status":"closed","template":"","meta":{"_acf_changed":false,"footnotes":""},"class_list":["post-2090","page","type-page","status-publish","hentry"],"acf":[],"_links":{"self":[{"href":"https:\/\/www.staging.europe.thermoking.com\/de\/wp-json\/wp\/v2\/pages\/2090","targetHints":{"allow":["GET"]}}],"collection":[{"href":"https:\/\/www.staging.europe.thermoking.com\/de\/wp-json\/wp\/v2\/pages"}],"about":[{"href":"https:\/\/www.staging.europe.thermoking.com\/de\/wp-json\/wp\/v2\/types\/page"}],"author":[{"embeddable":true,"href":"https:\/\/www.staging.europe.thermoking.com\/de\/wp-json\/wp\/v2\/users\/1"}],"replies":[{"embeddable":true,"href":"https:\/\/www.staging.europe.thermoking.com\/de\/wp-json\/wp\/v2\/comments?post=2090"}],"version-history":[{"count":3,"href":"https:\/\/www.staging.europe.thermoking.com\/de\/wp-json\/wp\/v2\/pages\/2090\/revisions"}],"predecessor-version":[{"id":74101,"href":"https:\/\/www.staging.europe.thermoking.com\/de\/wp-json\/wp\/v2\/pages\/2090\/revisions\/74101"}],"wp:attachment":[{"href":"https:\/\/www.staging.europe.thermoking.com\/de\/wp-json\/wp\/v2\/media?parent=2090"}],"curies":[{"name":"wp","href":"https:\/\/api.w.org\/{rel}","templated":true}]}}